{"id":184,"date":"2025-07-13T09:59:56","date_gmt":"2025-07-13T07:59:56","guid":{"rendered":"https:\/\/gruschwitz.typomaxx.de\/?page_id=184"},"modified":"2026-03-31T08:23:07","modified_gmt":"2026-03-31T06:23:07","slug":"compliance","status":"publish","type":"page","link":"https:\/\/www.gruschwitz.com\/en_en\/compliance\/","title":{"rendered":"Compliance"},"content":{"rendered":"<div data-elementor-type=\"wp-page\" data-elementor-id=\"184\" class=\"elementor elementor-184\" data-elementor-post-type=\"page\">\n\t\t\t\t<div class=\"elementor-element elementor-element-f818c8d e-flex e-con-boxed e-con e-parent\" data-id=\"f818c8d\" data-element_type=\"container\" data-e-type=\"container\" data-settings=\"{&quot;background_background&quot;:&quot;classic&quot;}\">\n\t\t\t\t\t<div class=\"e-con-inner\">\n\t\t\t\t<div class=\"elementor-element elementor-element-dc60a5c elementor-widget__width-initial elementor-widget elementor-widget-heading\" data-id=\"dc60a5c\" data-element_type=\"widget\" data-e-type=\"widget\" data-widget_type=\"heading.default\">\n\t\t\t\t\t<div class=\"elementor-heading-title elementor-size-default\">One twist ahead<\/div>\t\t\t\t<\/div>\n\t\t\t\t\t<\/div>\n\t\t\t\t<\/div>\n\t\t<div class=\"elementor-element elementor-element-80a5e85 e-flex e-con-boxed e-con e-parent\" data-id=\"80a5e85\" data-element_type=\"container\" data-e-type=\"container\">\n\t\t\t\t\t<div class=\"e-con-inner\">\n\t\t<div class=\"elementor-element elementor-element-0c46b41 e-con-full e-flex e-con e-child\" data-id=\"0c46b41\" data-element_type=\"container\" data-e-type=\"container\">\n\t\t\t\t<div class=\"elementor-element elementor-element-ea876ee elementor-widget elementor-widget-heading\" data-id=\"ea876ee\" data-element_type=\"widget\" data-e-type=\"widget\" data-widget_type=\"heading.default\">\n\t\t\t\t\t<h2 class=\"elementor-heading-title elementor-size-default\">Code of Conduct<\/h2>\t\t\t\t<\/div>\n\t\t\t\t<\/div>\n\t\t<div class=\"elementor-element elementor-element-69746a6 e-con-full e-flex e-con e-child\" data-id=\"69746a6\" data-element_type=\"container\" data-e-type=\"container\">\n\t\t\t\t<div class=\"elementor-element elementor-element-fda9f8b elementor-widget elementor-widget-text-editor\" data-id=\"fda9f8b\" data-element_type=\"widget\" data-e-type=\"widget\" data-widget_type=\"text-editor.default\">\n\t\t\t\t\t\t\t\t\t<p>For Gruschwitz, it goes without saying that, in addition to all relevant laws and regulations, economic objectives and ethical principles such as respect, honesty, fairness and a sense of responsibility are also taken into account.<\/p><p>Gruschwitz has therefore decided to fully adopt the Code of Conduct of the German textile and fashion industry.<\/p><p>This Code of Conduct sets out binding rules of conduct for internal cooperation but also for dealing with customers, suppliers, competitors, public officials and public institutions. He supports management and employees in all decisions in everyday business life.<\/p>\t\t\t\t\t\t\t\t<\/div>\n\t\t\t\t<\/div>\n\t\t<div class=\"elementor-element elementor-element-c2c520a e-con-full e-flex e-con e-child\" data-id=\"c2c520a\" data-element_type=\"container\" data-e-type=\"container\">\n\t\t\t\t<div class=\"elementor-element elementor-element-7d887fa elementor-align-left elementor-widget elementor-widget-button\" data-id=\"7d887fa\" data-element_type=\"widget\" data-e-type=\"widget\" data-widget_type=\"button.default\">\n\t\t\t\t\t\t\t\t\t\t<a class=\"elementor-button elementor-button-link elementor-size-sm\" href=\"https:\/\/www.gruschwitz.com\/wp-content\/uploads\/2025\/10\/Code_of_Conduct-der-deutschen-Textil-und-Modewirtschaft-signed-09-2025.pdf\">\n\t\t\t\t\t\t<span class=\"elementor-button-content-wrapper\">\n\t\t\t\t\t\t<span class=\"elementor-button-icon\">\n\t\t\t\t<svg aria-hidden=\"true\" class=\"e-font-icon-svg e-fas-arrow-right\" viewbox=\"0 0 448 512\" xmlns=\"http:\/\/www.w3.org\/2000\/svg\"><path d=\"M190.5 66.9l22.2-22.2c9.4-9.4 24.6-9.4 33.9 0L441 239c9.4 9.4 9.4 24.6 0 33.9L246.6 467.3c-9.4 9.4-24.6 9.4-33.9 0l-22.2-22.2c-9.5-9.5-9.3-25 .4-34.3L311.4 296H24c-13.3 0-24-10.7-24-24v-32c0-13.3 10.7-24 24-24h287.4L190.9 101.2c-9.8-9.3-10-24.8-.4-34.3z\"><\/path><\/svg>\t\t\t<\/span>\n\t\t\t\t\t\t\t\t\t<span class=\"elementor-button-text\">Learn more<\/span>\n\t\t\t\t\t<\/span>\n\t\t\t\t\t<\/a>\n\t\t\t\t\t\t\t\t<\/div>\n\t\t\t\t<\/div>\n\t\t\t\t\t<\/div>\n\t\t\t\t<\/div>\n\t\t<div class=\"elementor-element elementor-element-ac40979 e-con-full e-flex e-con e-parent\" data-id=\"ac40979\" data-element_type=\"container\" data-e-type=\"container\">\n\t\t\t\t<div class=\"elementor-element elementor-element-7721c82 elementor-widget-divider--view-line elementor-widget elementor-widget-divider\" data-id=\"7721c82\" data-element_type=\"widget\" data-e-type=\"widget\" data-widget_type=\"divider.default\">\n\t\t\t\t\t\t\t<div class=\"elementor-divider\">\n\t\t\t<span class=\"elementor-divider-separator\">\n\t\t\t\t\t\t<\/span>\n\t\t<\/div>\n\t\t\t\t\t\t<\/div>\n\t\t\t\t<\/div>\n\t\t<div class=\"elementor-element elementor-element-30acb0a e-flex e-con-boxed e-con e-parent\" data-id=\"30acb0a\" data-element_type=\"container\" data-e-type=\"container\">\n\t\t\t\t\t<div class=\"e-con-inner\">\n\t\t<div class=\"elementor-element elementor-element-6bad31c e-con-full e-flex e-con e-child\" data-id=\"6bad31c\" data-element_type=\"container\" data-e-type=\"container\">\n\t\t\t\t<div class=\"elementor-element elementor-element-ee21756 elementor-widget elementor-widget-heading\" data-id=\"ee21756\" data-element_type=\"widget\" data-e-type=\"widget\" data-widget_type=\"heading.default\">\n\t\t\t\t\t<h2 class=\"elementor-heading-title elementor-size-default\">Whistleblower system<\/h2>\t\t\t\t<\/div>\n\t\t\t\t<\/div>\n\t\t<div class=\"elementor-element elementor-element-e988b90 e-con-full e-flex e-con e-child\" data-id=\"e988b90\" data-element_type=\"container\" data-e-type=\"container\">\n\t\t\t\t<div class=\"elementor-element elementor-element-87e047d elementor-widget elementor-widget-text-editor\" data-id=\"87e047d\" data-element_type=\"widget\" data-e-type=\"widget\" data-widget_type=\"text-editor.default\">\n\t\t\t\t\t\t\t\t\tCompliance with laws, guidelines and legal provisions is a self-evident basis of our actions. If you nevertheless have or suspect concrete, substantiated information about violations punishable by a fine or a fine, please contact us at +49 7561 9098-338 or hinweisgeber@gruschwitz.com Information can be reported personally or anonymously. All information is processed in a structured process. Several responsible persons are involved. The requirements of the Whistleblower Protection Act (HinSchG) are complied with. Every tip will be treated strictly confidentially!\t\t\t\t\t\t\t\t<\/div>\n\t\t\t\t<\/div>\n\t\t\t\t\t<\/div>\n\t\t\t\t<\/div>\n\t\t<div class=\"elementor-element elementor-element-f56d200 e-con-full e-flex e-con e-parent\" data-id=\"f56d200\" data-element_type=\"container\" data-e-type=\"container\">\n\t\t\t\t<div class=\"elementor-element elementor-element-105646f elementor-widget-divider--view-line elementor-widget elementor-widget-divider\" data-id=\"105646f\" data-element_type=\"widget\" data-e-type=\"widget\" data-widget_type=\"divider.default\">\n\t\t\t\t\t\t\t<div class=\"elementor-divider\">\n\t\t\t<span class=\"elementor-divider-separator\">\n\t\t\t\t\t\t<\/span>\n\t\t<\/div>\n\t\t\t\t\t\t<\/div>\n\t\t\t\t<\/div>\n\t\t<div class=\"elementor-element elementor-element-9d9600c e-flex e-con-boxed e-con e-parent\" data-id=\"9d9600c\" data-element_type=\"container\" data-e-type=\"container\">\n\t\t\t\t\t<div class=\"e-con-inner\">\n\t\t<div class=\"elementor-element elementor-element-4e9bd1c e-con-full e-flex e-con e-child\" data-id=\"4e9bd1c\" data-element_type=\"container\" data-e-type=\"container\">\n\t\t\t\t<div class=\"elementor-element elementor-element-f00b436 elementor-widget elementor-widget-heading\" data-id=\"f00b436\" data-element_type=\"widget\" data-e-type=\"widget\" data-widget_type=\"heading.default\">\n\t\t\t\t\t<h2 class=\"elementor-heading-title elementor-size-default\">Privacy <\/h2>\t\t\t\t<\/div>\n\t\t\t\t<\/div>\n\t\t<div class=\"elementor-element elementor-element-768d99e e-con-full e-flex e-con e-child\" data-id=\"768d99e\" data-element_type=\"container\" data-e-type=\"container\">\n\t\t\t\t<div class=\"elementor-element elementor-element-c1239b8 elementor-widget elementor-widget-text-editor\" data-id=\"c1239b8\" data-element_type=\"widget\" data-e-type=\"widget\" data-widget_type=\"text-editor.default\">\n\t\t\t\t\t\t\t\t\t<p>We take the protection of personal data very seriously and process it exclusively in accordance with the applicable legislation on the protection of personal data, in particular the EU General Data Protection Regulation (GDPR) and the country-specific implementing laws that apply to us. In our privacy policy, we provide comprehensive information about the processing of personal data\u00a0<\/p>\t\t\t\t\t\t\t\t<\/div>\n\t\t\t\t<\/div>\n\t\t<div class=\"elementor-element elementor-element-bdd8d01 e-con-full e-flex e-con e-child\" data-id=\"bdd8d01\" data-element_type=\"container\" data-e-type=\"container\">\n\t\t\t\t<div class=\"elementor-element elementor-element-8cc77de elementor-align-left elementor-widget elementor-widget-button\" data-id=\"8cc77de\" data-element_type=\"widget\" data-e-type=\"widget\" data-widget_type=\"button.default\">\n\t\t\t\t\t\t\t\t\t\t<a class=\"elementor-button elementor-button-link elementor-size-sm\" href=\"\/en_en\/datenschutz\/\">\n\t\t\t\t\t\t<span class=\"elementor-button-content-wrapper\">\n\t\t\t\t\t\t<span class=\"elementor-button-icon\">\n\t\t\t\t<svg aria-hidden=\"true\" class=\"e-font-icon-svg e-fas-arrow-right\" viewbox=\"0 0 448 512\" xmlns=\"http:\/\/www.w3.org\/2000\/svg\"><path d=\"M190.5 66.9l22.2-22.2c9.4-9.4 24.6-9.4 33.9 0L441 239c9.4 9.4 9.4 24.6 0 33.9L246.6 467.3c-9.4 9.4-24.6 9.4-33.9 0l-22.2-22.2c-9.5-9.5-9.3-25 .4-34.3L311.4 296H24c-13.3 0-24-10.7-24-24v-32c0-13.3 10.7-24 24-24h287.4L190.9 101.2c-9.8-9.3-10-24.8-.4-34.3z\"><\/path><\/svg>\t\t\t<\/span>\n\t\t\t\t\t\t\t\t\t<span class=\"elementor-button-text\">Learn more<\/span>\n\t\t\t\t\t<\/span>\n\t\t\t\t\t<\/a>\n\t\t\t\t\t\t\t\t<\/div>\n\t\t\t\t<\/div>\n\t\t\t\t\t<\/div>\n\t\t\t\t<\/div>\n\t\t<div class=\"elementor-element elementor-element-7b64d84 e-con-full e-flex e-con e-parent\" data-id=\"7b64d84\" data-element_type=\"container\" data-e-type=\"container\">\n\t\t\t\t<div class=\"elementor-element elementor-element-ec2ef66 elementor-widget-divider--view-line elementor-widget elementor-widget-divider\" data-id=\"ec2ef66\" data-element_type=\"widget\" data-e-type=\"widget\" data-widget_type=\"divider.default\">\n\t\t\t\t\t\t\t<div class=\"elementor-divider\">\n\t\t\t<span class=\"elementor-divider-separator\">\n\t\t\t\t\t\t<\/span>\n\t\t<\/div>\n\t\t\t\t\t\t<\/div>\n\t\t\t\t<\/div>\n\t\t\t\t<\/div>","protected":false},"excerpt":{"rendered":"<p>One twist ahead Code of Conduct F\u00fcr Gruschwitz ist es selbstverst\u00e4ndlich, dass neben allen relevanten Gesetzen und Vorschriften auch \u00f6konomische Zielsetzungen und ethische Grunds\u00e4tze wie Respekt, Ehrlichkeit, Fairness sowie Verantwortungsbewusstsein ber\u00fccksichtigt werden. Gruschwitz hat sich daher entschlossen, den Code of Conduct der deutschen Textil- und Modeindustrie uneingeschr\u00e4nkt zu Eigen zu machen. Dieser Verhaltenskodex legt verbindliche [&hellip;]<\/p>\n","protected":false},"author":5,"featured_media":0,"parent":0,"menu_order":20,"comment_status":"closed","ping_status":"closed","template":"","meta":{"footnotes":""},"class_list":["post-184","page","type-page","status-publish","hentry"],"_links":{"self":[{"href":"https:\/\/www.gruschwitz.com\/en_en\/wp-json\/wp\/v2\/pages\/184","targetHints":{"allow":["GET"]}}],"collection":[{"href":"https:\/\/www.gruschwitz.com\/en_en\/wp-json\/wp\/v2\/pages"}],"about":[{"href":"https:\/\/www.gruschwitz.com\/en_en\/wp-json\/wp\/v2\/types\/page"}],"author":[{"embeddable":true,"href":"https:\/\/www.gruschwitz.com\/en_en\/wp-json\/wp\/v2\/users\/5"}],"replies":[{"embeddable":true,"href":"https:\/\/www.gruschwitz.com\/en_en\/wp-json\/wp\/v2\/comments?post=184"}],"version-history":[{"count":10,"href":"https:\/\/www.gruschwitz.com\/en_en\/wp-json\/wp\/v2\/pages\/184\/revisions"}],"predecessor-version":[{"id":7405,"href":"https:\/\/www.gruschwitz.com\/en_en\/wp-json\/wp\/v2\/pages\/184\/revisions\/7405"}],"wp:attachment":[{"href":"https:\/\/www.gruschwitz.com\/en_en\/wp-json\/wp\/v2\/media?parent=184"}],"curies":[{"name":"wp","href":"https:\/\/api.w.org\/{rel}","templated":true}]}}