{"id":415,"date":"2025-07-14T16:47:42","date_gmt":"2025-07-14T14:47:42","guid":{"rendered":"https:\/\/gruschwitz.typomaxx.de\/?page_id=415"},"modified":"2026-03-30T08:12:29","modified_gmt":"2026-03-30T06:12:29","slug":"standardprodukte","status":"publish","type":"page","link":"https:\/\/www.gruschwitz.com\/en_en\/produkte\/standardprodukte\/","title":{"rendered":"Standardprodukte"},"content":{"rendered":"<div data-elementor-type=\"wp-page\" data-elementor-id=\"415\" class=\"elementor elementor-415\" data-elementor-post-type=\"page\">\n\t\t\t\t<div class=\"elementor-element elementor-element-6c736fd2 e-flex e-con-boxed e-con e-parent\" data-id=\"6c736fd2\" data-element_type=\"container\" data-e-type=\"container\" data-settings=\"{&quot;background_background&quot;:&quot;classic&quot;}\">\n\t\t\t\t\t<div class=\"e-con-inner\">\n\t\t\t\t\t<\/div>\n\t\t\t\t<\/div>\n\t\t<div class=\"elementor-element elementor-element-e18be6a e-flex e-con-boxed e-con e-parent\" data-id=\"e18be6a\" data-element_type=\"container\" data-e-type=\"container\">\n\t\t\t\t\t<div class=\"e-con-inner\">\n\t\t\t\t<div class=\"elementor-element elementor-element-f448673 elementor-widget elementor-widget-heading\" data-id=\"f448673\" data-element_type=\"widget\" data-e-type=\"widget\" data-widget_type=\"heading.default\">\n\t\t\t\t\t<h1 class=\"elementor-heading-title elementor-size-default\"><a href=\"\/en_en\/produkte\/filamentzwirne\/\">Standardprodukte<\/a><\/h1>\t\t\t\t<\/div>\n\t\t\t\t<div class=\"elementor-element elementor-element-c44ec56 elementor-widget elementor-widget-text-editor\" data-id=\"c44ec56\" data-element_type=\"widget\" data-e-type=\"widget\" data-widget_type=\"text-editor.default\">\n\t\t\t\t\t\t\t\t\t<p>In unserer Getafamilie finden Sie eine gute Auswahl von Standardprodukten f\u00fcr diverse Anwendungen.<\/p>\t\t\t\t\t\t\t\t<\/div>\n\t\t<div class=\"elementor-element elementor-element-c8bce04 e-grid e-con-full e-con e-child\" data-id=\"c8bce04\" data-element_type=\"container\" data-e-type=\"container\">\n\t\t\t\t<div class=\"elementor-element elementor-element-5d67717 elementor-widget elementor-widget-heading\" data-id=\"5d67717\" data-element_type=\"widget\" data-e-type=\"widget\" data-widget_type=\"heading.default\">\n\t\t\t\t\t<h2 class=\"elementor-heading-title elementor-size-default\">Getacor P<\/h2>\t\t\t\t<\/div>\n\t\t\t\t<div class=\"elementor-element elementor-element-6560fc4 elementor-widget elementor-widget-heading\" data-id=\"6560fc4\" data-element_type=\"widget\" data-e-type=\"widget\" data-widget_type=\"heading.default\">\n\t\t\t\t\t<h2 class=\"elementor-heading-title elementor-size-default\">Getadur<\/h2>\t\t\t\t<\/div>\n\t\t\t\t<div class=\"elementor-element elementor-element-97b09e2 elementor-widget elementor-widget-heading\" data-id=\"97b09e2\" data-element_type=\"widget\" data-e-type=\"widget\" data-widget_type=\"heading.default\">\n\t\t\t\t\t<h2 class=\"elementor-heading-title elementor-size-default\">Getafil N<\/h2>\t\t\t\t<\/div>\n\t\t\t\t<div class=\"elementor-element elementor-element-34215d1 elementor-widget elementor-widget-heading\" data-id=\"34215d1\" data-element_type=\"widget\" data-e-type=\"widget\" data-widget_type=\"heading.default\">\n\t\t\t\t\t<h2 class=\"elementor-heading-title elementor-size-default\">Getafil P<\/h2>\t\t\t\t<\/div>\n\t\t\t\t<div class=\"elementor-element elementor-element-2cf5f20 elementor-widget elementor-widget-text-editor\" data-id=\"2cf5f20\" data-element_type=\"widget\" data-e-type=\"widget\" data-widget_type=\"text-editor.default\">\n\t\t\t\t\t\t\t\t\t<p>ist ein Umspinnungszwirn aus Polyester und Baumwolle f\u00fcr Outdoor Anwendungen und Schwergewebe.<\/p>\t\t\t\t\t\t\t\t<\/div>\n\t\t\t\t<div class=\"elementor-element elementor-element-8f242e2 elementor-widget elementor-widget-text-editor\" data-id=\"8f242e2\" data-element_type=\"widget\" data-e-type=\"widget\" data-widget_type=\"text-editor.default\">\n\t\t\t\t\t\t\t\t\t<p>hei\u00dft der hochtemperaturbest\u00e4ndige N\u00e4hfaden f\u00fcr industrielle Anwendungen.<\/p>\t\t\t\t\t\t\t\t<\/div>\n\t\t\t\t<div class=\"elementor-element elementor-element-bbe2f92 elementor-widget elementor-widget-text-editor\" data-id=\"bbe2f92\" data-element_type=\"widget\" data-e-type=\"widget\" data-widget_type=\"text-editor.default\">\n\t\t\t\t\t\t\t\t\t<p>ist das hochfeste endlose N\u00e4hgarn f\u00fcr industrielle Anwendungen aus Polyamid 6.6.<\/p>\t\t\t\t\t\t\t\t<\/div>\n\t\t\t\t<div class=\"elementor-element elementor-element-91332b4 elementor-widget elementor-widget-text-editor\" data-id=\"91332b4\" data-element_type=\"widget\" data-e-type=\"widget\" data-widget_type=\"text-editor.default\">\n\t\t\t\t\t\t\t\t\t<p>ezeichnet ein hochfestes endloses N\u00e4hgarn aus Polyester f\u00fcr industrielle Anwendungen.<\/p>\t\t\t\t\t\t\t\t<\/div>\n\t\t\t\t<div class=\"elementor-element elementor-element-fbc208c elementor-widget elementor-widget-heading\" data-id=\"fbc208c\" data-element_type=\"widget\" data-e-type=\"widget\" data-widget_type=\"heading.default\">\n\t\t\t\t\t<h2 class=\"elementor-heading-title elementor-size-default\">Getamed P<\/h2>\t\t\t\t<\/div>\n\t\t\t\t<div class=\"elementor-element elementor-element-e508d33 elementor-widget elementor-widget-heading\" data-id=\"e508d33\" data-element_type=\"widget\" data-e-type=\"widget\" data-widget_type=\"heading.default\">\n\t\t\t\t\t<h2 class=\"elementor-heading-title elementor-size-default\">Getastrong<\/h2>\t\t\t\t<\/div>\n\t\t\t\t<div class=\"elementor-element elementor-element-0597e33 elementor-widget elementor-widget-heading\" data-id=\"0597e33\" data-element_type=\"widget\" data-e-type=\"widget\" data-widget_type=\"heading.default\">\n\t\t\t\t\t<h2 class=\"elementor-heading-title elementor-size-default\">Technische Leinenzwirne<\/h2>\t\t\t\t<\/div>\n\t\t\t\t<div class=\"elementor-element elementor-element-71adcb5 elementor-widget elementor-widget-heading\" data-id=\"71adcb5\" data-element_type=\"widget\" data-e-type=\"widget\" data-widget_type=\"heading.default\">\n\t\t\t\t\t<h2 class=\"elementor-heading-title elementor-size-default\">Hochwertige Leinenzwirne<\/h2>\t\t\t\t<\/div>\n\t\t\t\t<div class=\"elementor-element elementor-element-bc4912b elementor-widget elementor-widget-text-editor\" data-id=\"bc4912b\" data-element_type=\"widget\" data-e-type=\"widget\" data-widget_type=\"text-editor.default\">\n\t\t\t\t\t\t\t\t\t<p>ist der chirurgische N\u00e4hfaden aus geflochtenem Polyester.<\/p>\t\t\t\t\t\t\t\t<\/div>\n\t\t\t\t<div class=\"elementor-element elementor-element-e95a8f8 elementor-widget elementor-widget-text-editor\" data-id=\"e95a8f8\" data-element_type=\"widget\" data-e-type=\"widget\" data-widget_type=\"text-editor.default\">\n\t\t\t\t\t\t\t\t\t<p>ist der ultra hochfeste N\u00e4hfaden f\u00fcr extreme Anspr\u00fcche, basierend auf endlos UHMW-PE von Avient Dyneema.<\/p>\t\t\t\t\t\t\t\t<\/div>\n\t\t\t\t<div class=\"elementor-element elementor-element-bd6a9fa elementor-widget elementor-widget-text-editor\" data-id=\"bd6a9fa\" data-element_type=\"widget\" data-e-type=\"widget\" data-widget_type=\"text-editor.default\">\n\t\t\t\t\t\t\t\t\t<p>aus 100% Naturfasern f\u00fcr unterschiedlichste Eins\u00e4tze in Industrie und Handwerk.<\/p>\t\t\t\t\t\t\t\t<\/div>\n\t\t\t\t<div class=\"elementor-element elementor-element-a2094b8 elementor-widget elementor-widget-text-editor\" data-id=\"a2094b8\" data-element_type=\"widget\" data-e-type=\"widget\" data-widget_type=\"text-editor.default\">\n\t\t\t\t\t\t\t\t\t<p>aus Qualit\u00e4ts-Flachs Fasern.<\/p>\t\t\t\t\t\t\t\t<\/div>\n\t\t\t\t<\/div>\n\t\t\t\t\t<\/div>\n\t\t\t\t<\/div>\n\t\t<div class=\"elementor-element elementor-element-ec60b0a e-flex e-con-boxed e-con e-parent\" data-id=\"ec60b0a\" data-element_type=\"container\" data-e-type=\"container\" data-settings=\"{&quot;background_background&quot;:&quot;classic&quot;}\">\n\t\t\t\t\t<div class=\"e-con-inner\">\n\t\t\t\t<div class=\"elementor-element elementor-element-67ab5e0 elementor-widget elementor-widget-spacer\" data-id=\"67ab5e0\" data-element_type=\"widget\" data-e-type=\"widget\" data-widget_type=\"spacer.default\">\n\t\t\t\t\t\t\t<div class=\"elementor-spacer\">\n\t\t\t<div class=\"elementor-spacer-inner\"><\/div>\n\t\t<\/div>\n\t\t\t\t\t\t<\/div>\n\t\t\t\t<div class=\"elementor-element elementor-element-4648293 elementor-widget elementor-widget-text-editor\" data-id=\"4648293\" data-element_type=\"widget\" data-e-type=\"widget\" data-widget_type=\"text-editor.default\">\n\t\t\t\t\t\t\t\t\t<p>Nicht Ihr gew\u00fcnschtes Produkt gefunden?<\/p><p><strong><a class=\"hyperlink_txt\" title=\"Kontaktieren Sie uns!\" href=\"#\" rel=\"\">Kontaktieren Sie uns!<\/a><\/strong><\/p>\t\t\t\t\t\t\t\t<\/div>\n\t\t\t\t<div class=\"elementor-element elementor-element-46f6309b elementor-widget elementor-widget-spacer\" data-id=\"46f6309b\" data-element_type=\"widget\" data-e-type=\"widget\" data-widget_type=\"spacer.default\">\n\t\t\t\t\t\t\t<div class=\"elementor-spacer\">\n\t\t\t<div class=\"elementor-spacer-inner\"><\/div>\n\t\t<\/div>\n\t\t\t\t\t\t<\/div>\n\t\t\t\t\t<\/div>\n\t\t\t\t<\/div>\n\t\t<div class=\"elementor-element elementor-element-229f275 e-grid e-con-boxed e-con e-parent\" data-id=\"229f275\" data-element_type=\"container\" data-e-type=\"container\">\n\t\t\t\t\t<div class=\"e-con-inner\">\n\t\t\t\t\t<\/div>\n\t\t\t\t<\/div>\n\t\t\t\t<\/div>","protected":false},"excerpt":{"rendered":"<p>Standardprodukte In unserer Getafamilie finden Sie eine gute Auswahl von Standardprodukten f\u00fcr diverse Anwendungen. Getacor P Getadur Getafil N Getafil P ist ein Umspinnungszwirn aus Polyester und Baumwolle f\u00fcr Outdoor Anwendungen und Schwergewebe. hei\u00dft der hochtemperaturbest\u00e4ndige N\u00e4hfaden f\u00fcr industrielle Anwendungen. ist das hochfeste endlose N\u00e4hgarn f\u00fcr industrielle Anwendungen aus Polyamid 6.6. ezeichnet ein hochfestes endloses [&hellip;]<\/p>\n","protected":false},"author":5,"featured_media":0,"parent":162,"menu_order":1,"comment_status":"closed","ping_status":"closed","template":"","meta":{"footnotes":""},"class_list":["post-415","page","type-page","status-publish","hentry"],"_links":{"self":[{"href":"https:\/\/www.gruschwitz.com\/en_en\/wp-json\/wp\/v2\/pages\/415","targetHints":{"allow":["GET"]}}],"collection":[{"href":"https:\/\/www.gruschwitz.com\/en_en\/wp-json\/wp\/v2\/pages"}],"about":[{"href":"https:\/\/www.gruschwitz.com\/en_en\/wp-json\/wp\/v2\/types\/page"}],"author":[{"embeddable":true,"href":"https:\/\/www.gruschwitz.com\/en_en\/wp-json\/wp\/v2\/users\/5"}],"replies":[{"embeddable":true,"href":"https:\/\/www.gruschwitz.com\/en_en\/wp-json\/wp\/v2\/comments?post=415"}],"version-history":[{"count":10,"href":"https:\/\/www.gruschwitz.com\/en_en\/wp-json\/wp\/v2\/pages\/415\/revisions"}],"predecessor-version":[{"id":7293,"href":"https:\/\/www.gruschwitz.com\/en_en\/wp-json\/wp\/v2\/pages\/415\/revisions\/7293"}],"up":[{"embeddable":true,"href":"https:\/\/www.gruschwitz.com\/en_en\/wp-json\/wp\/v2\/pages\/162"}],"wp:attachment":[{"href":"https:\/\/www.gruschwitz.com\/en_en\/wp-json\/wp\/v2\/media?parent=415"}],"curies":[{"name":"wp","href":"https:\/\/api.w.org\/{rel}","templated":true}]}}