{"id":719,"date":"2025-07-16T13:55:25","date_gmt":"2025-07-16T11:55:25","guid":{"rendered":"https:\/\/gruschwitz.typomaxx.de\/?page_id=719"},"modified":"2026-03-30T09:51:37","modified_gmt":"2026-03-30T07:51:37","slug":"ueber-uns","status":"publish","type":"page","link":"https:\/\/www.gruschwitz.com\/en_en\/unsere-vision\/ueber-uns\/","title":{"rendered":"About us"},"content":{"rendered":"<div data-elementor-type=\"wp-page\" data-elementor-id=\"719\" class=\"elementor elementor-719\" data-elementor-post-type=\"page\">\n\t\t\t\t<div class=\"elementor-element elementor-element-a0dae9c e-flex e-con-boxed e-con e-parent\" data-id=\"a0dae9c\" data-element_type=\"container\" data-e-type=\"container\" data-settings=\"{&quot;background_background&quot;:&quot;classic&quot;}\">\n\t\t\t\t\t<div class=\"e-con-inner\">\n\t\t\t\t<div class=\"elementor-element elementor-element-097c198 elementor-widget__width-initial elementor-widget elementor-widget-heading\" data-id=\"097c198\" data-element_type=\"widget\" data-e-type=\"widget\" data-widget_type=\"heading.default\">\n\t\t\t\t\t<div class=\"elementor-heading-title elementor-size-default\">One twist ahead<\/div>\t\t\t\t<\/div>\n\t\t\t\t\t<\/div>\n\t\t\t\t<\/div>\n\t\t\t\t<section class=\"elementor-section elementor-top-section elementor-element elementor-element-334dc6d elementor-section-boxed elementor-section-height-default elementor-section-height-default\" data-id=\"334dc6d\" data-element_type=\"section\" data-e-type=\"section\">\n\t\t\t\t\t\t<div class=\"elementor-container elementor-column-gap-default\">\n\t\t\t\t\t<div class=\"elementor-column elementor-col-100 elementor-top-column elementor-element elementor-element-f1eaadc\" data-id=\"f1eaadc\" data-element_type=\"column\" data-e-type=\"column\">\n\t\t\t<div class=\"elementor-widget-wrap elementor-element-populated\">\n\t\t\t\t\t\t<div class=\"elementor-element elementor-element-3d43390 elementor-widget elementor-widget-heading\" data-id=\"3d43390\" data-element_type=\"widget\" data-e-type=\"widget\" data-widget_type=\"heading.default\">\n\t\t\t\t\t<div class=\"elementor-heading-title elementor-size-default\">\u00dcber die Gruschwitz Textilwerke GmbH\nSie wollen mehr \u00fcber uns erfahren? Dann sehen Sie sich auf den folgenden Seiten in Ruhe um, wenn Sie Fragen haben z\u00f6gern Sie nicht uns zu kontaktieren.<\/div>\t\t\t\t<\/div>\n\t\t<div class=\"elementor-element elementor-element-e95ba1b e-con-full e-grid e-con e-parent\" data-id=\"e95ba1b\" data-element_type=\"container\" data-e-type=\"container\">\n\t\t<div class=\"elementor-element elementor-element-e0d7114 e-con-full e-flex e-con e-child\" data-id=\"e0d7114\" data-element_type=\"container\" data-e-type=\"container\">\n\t\t\t\t<div class=\"elementor-element elementor-element-618d7a9 elementor-widget elementor-widget-heading\" data-id=\"618d7a9\" data-element_type=\"widget\" data-e-type=\"widget\" data-widget_type=\"heading.default\">\n\t\t\t\t\t<h3 class=\"elementor-heading-title elementor-size-default\">History<\/h3>\t\t\t\t<\/div>\n\t\t\t\t<div class=\"elementor-element elementor-element-0aed42d elementor-widget elementor-widget-text-editor\" data-id=\"0aed42d\" data-element_type=\"widget\" data-e-type=\"widget\" data-widget_type=\"text-editor.default\">\n\t\t\t\t\t\t\t\t\t<p>1816 beschloss der Webermeister Johann David Gruschwitz, sich selbstst\u00e4ndig zu machen. Im schlesischen Neusalz startete der Jungunternehmer mit einer kleinen handbetriebenen Zwirnm\u00fchle &#8211; und mit dem Blick f\u00fcr die Marktl\u00fccke: Den Schiffern auf der Oder fehlte ein qualitativ hochwertiger N\u00e4hfaden zum N\u00e4hen der Segel.<\/p><p><a href=\"\/en_en\/unternehmen\/ueber-uns\/geschichte\/\">Erfahren Sie mehr&#8230;.<\/a><\/p>\t\t\t\t\t\t\t\t<\/div>\n\t\t\t\t<\/div>\n\t\t<div class=\"elementor-element elementor-element-6c4b346 e-con-full e-flex e-con e-child\" data-id=\"6c4b346\" data-element_type=\"container\" data-e-type=\"container\">\n\t\t\t\t<div class=\"elementor-element elementor-element-c9fa82a elementor-widget elementor-widget-heading\" data-id=\"c9fa82a\" data-element_type=\"widget\" data-e-type=\"widget\" data-widget_type=\"heading.default\">\n\t\t\t\t\t<h3 class=\"elementor-heading-title elementor-size-default\">Leitbild\/Vision\n<\/h3>\t\t\t\t<\/div>\n\t\t\t\t<div class=\"elementor-element elementor-element-8382eb8 elementor-widget elementor-widget-text-editor\" data-id=\"8382eb8\" data-element_type=\"widget\" data-e-type=\"widget\" data-widget_type=\"text-editor.default\">\n\t\t\t\t\t\t\t\t\t<p>Allem voran steht unsere kaufm\u00e4nnische und handwerkliche Verantwortung gegen\u00fcber all den Menschen, die unsere Produkte einsetzen und unsere Dienstleistungen in Anspruch nehmen.\u00a0Besonderes Augenmerk legen wir auf sicherheits- und gesundheitsrelevante Bereiche.\u00a0<\/p><p><a href=\"\/en_en\/unternehmen\/\">Erfahren Sie mehr&#8230;.<\/a><\/p>\t\t\t\t\t\t\t\t<\/div>\n\t\t\t\t<\/div>\n\t\t<div class=\"elementor-element elementor-element-73502c8 e-con-full e-flex e-con e-child\" data-id=\"73502c8\" data-element_type=\"container\" data-e-type=\"container\">\n\t\t\t\t<div class=\"elementor-element elementor-element-7602c90 elementor-widget elementor-widget-heading\" data-id=\"7602c90\" data-element_type=\"widget\" data-e-type=\"widget\" data-widget_type=\"heading.default\">\n\t\t\t\t\t<h3 class=\"elementor-heading-title elementor-size-default\">Code of Conduct\n<\/h3>\t\t\t\t<\/div>\n\t\t\t\t<div class=\"elementor-element elementor-element-162f1e2 elementor-widget elementor-widget-text-editor\" data-id=\"162f1e2\" data-element_type=\"widget\" data-e-type=\"widget\" data-widget_type=\"text-editor.default\">\n\t\t\t\t\t\t\t\t\t<p>For Gruschwitz, it goes without saying that, in addition to all relevant laws and regulations, economic objectives and ethical principles such as respect, honesty, fairness and a sense of responsibility are also taken into account.<\/p><p><a href=\"\/wp-content\/uploads\/2025\/10\/Code_of_Conduct-der-deutschen-Textil-und-Modewirtschaft-signed-09-2025.pdf\">Erfahren Sie mehr&#8230;.<\/a><\/p>\t\t\t\t\t\t\t\t<\/div>\n\t\t\t\t<\/div>\n\t\t<div class=\"elementor-element elementor-element-1963795 e-con-full e-flex e-con e-child\" data-id=\"1963795\" data-element_type=\"container\" data-e-type=\"container\">\n\t\t\t\t<div class=\"elementor-element elementor-element-6e6dcb4 elementor-widget elementor-widget-heading\" data-id=\"6e6dcb4\" data-element_type=\"widget\" data-e-type=\"widget\" data-widget_type=\"heading.default\">\n\t\t\t\t\t<h3 class=\"elementor-heading-title elementor-size-default\">Cooperationpartner\n<\/h3>\t\t\t\t<\/div>\n\t\t\t\t<div class=\"elementor-element elementor-element-490a4fd elementor-widget elementor-widget-text-editor\" data-id=\"490a4fd\" data-element_type=\"widget\" data-e-type=\"widget\" data-widget_type=\"text-editor.default\">\n\t\t\t\t\t\t\t\t\t<p>Kooperationen haben in unserer Unternehmensgeschichte einen hohen Stellenwert, gemeinsam mit f\u00fchrenden Tech-Firmen haben wir diverse Produkte entwickelt. Aktuell kooperieren wir mit den folgenden Unternehmen.<\/p><p><a href=\"\/en_en\/unternehmen\/ueber-uns\/kooperationspartner\/\">Erfahren Sie mehr&#8230;.<\/a><\/p>\t\t\t\t\t\t\t\t<\/div>\n\t\t\t\t<\/div>\n\t\t<div class=\"elementor-element elementor-element-12dd49e e-con-full e-flex e-con e-child\" data-id=\"12dd49e\" data-element_type=\"container\" data-e-type=\"container\">\n\t\t\t\t<div class=\"elementor-element elementor-element-403ea71 elementor-widget elementor-widget-heading\" data-id=\"403ea71\" data-element_type=\"widget\" data-e-type=\"widget\" data-widget_type=\"heading.default\">\n\t\t\t\t\t<h3 class=\"elementor-heading-title elementor-size-default\">Qualit\u00e4t &amp; Zertifikate<\/h3>\t\t\t\t<\/div>\n\t\t\t\t<div class=\"elementor-element elementor-element-c4226dd elementor-widget elementor-widget-text-editor\" data-id=\"c4226dd\" data-element_type=\"widget\" data-e-type=\"widget\" data-widget_type=\"text-editor.default\">\n\t\t\t\t\t\t\t\t\t<p>Die Erf\u00fcllung gr\u00f6\u00dfter Pr\u00e4zision erfordert von uns gleichbleibend ein h\u00f6chstes Qualit\u00e4tsniveau, auch deshalb haben wir uns von verschiedenen Stellen zertifizieren lassen.<\/p><p><a href=\"\/en_en\/unternehmen\/ueber-uns\/qualitaet-und-zertifikate\/\">Erfahren Sie mehr&#8230;.<\/a><\/p>\t\t\t\t\t\t\t\t<\/div>\n\t\t\t\t<\/div>\n\t\t<div class=\"elementor-element elementor-element-beac5c7 e-con-full e-flex e-con e-child\" data-id=\"beac5c7\" data-element_type=\"container\" data-e-type=\"container\">\n\t\t\t\t<div class=\"elementor-element elementor-element-f4ffaa0 elementor-widget elementor-widget-heading\" data-id=\"f4ffaa0\" data-element_type=\"widget\" data-e-type=\"widget\" data-widget_type=\"heading.default\">\n\t\t\t\t\t<h3 class=\"elementor-heading-title elementor-size-default\">Products<\/h3>\t\t\t\t<\/div>\n\t\t\t\t<div class=\"elementor-element elementor-element-bdfa230 elementor-widget elementor-widget-text-editor\" data-id=\"bdfa230\" data-element_type=\"widget\" data-e-type=\"widget\" data-widget_type=\"text-editor.default\">\n\t\t\t\t\t\t\t\t\t<p>In unserem Produktsortiment finden Sie unsere Filamentzwirne mit spezieller Garnauswahl aus Natur-, Chemie- und HighTech Fasern kombiniert mit Gruschwitz-Technologien<\/p><p><a href=\"\/en_en\/produkte\/anwendungen\/\">Erfahren Sie mehr&#8230;.<\/a><\/p>\t\t\t\t\t\t\t\t<\/div>\n\t\t\t\t<\/div>\n\t\t\t\t<\/div>\n\t\t\t\t\t<\/div>\n\t\t<\/div>\n\t\t\t\t\t<\/div>\n\t\t<\/section>\n\t\t\t\t<\/div>","protected":false},"excerpt":{"rendered":"<p>One twist ahead \u00dcber die Gruschwitz Textilwerke GmbH Sie wollen mehr \u00fcber uns erfahren? Dann sehen Sie sich auf den folgenden Seiten in Ruhe um, wenn Sie Fragen haben z\u00f6gern Sie nicht uns zu kontaktieren. Geschichte 1816 beschloss der Webermeister Johann David Gruschwitz, sich selbstst\u00e4ndig zu machen. Im schlesischen Neusalz startete der Jungunternehmer mit einer [&hellip;]<\/p>\n","protected":false},"author":5,"featured_media":0,"parent":166,"menu_order":4,"comment_status":"closed","ping_status":"closed","template":"","meta":{"footnotes":""},"class_list":["post-719","page","type-page","status-publish","hentry"],"_links":{"self":[{"href":"https:\/\/www.gruschwitz.com\/en_en\/wp-json\/wp\/v2\/pages\/719","targetHints":{"allow":["GET"]}}],"collection":[{"href":"https:\/\/www.gruschwitz.com\/en_en\/wp-json\/wp\/v2\/pages"}],"about":[{"href":"https:\/\/www.gruschwitz.com\/en_en\/wp-json\/wp\/v2\/types\/page"}],"author":[{"embeddable":true,"href":"https:\/\/www.gruschwitz.com\/en_en\/wp-json\/wp\/v2\/users\/5"}],"replies":[{"embeddable":true,"href":"https:\/\/www.gruschwitz.com\/en_en\/wp-json\/wp\/v2\/comments?post=719"}],"version-history":[{"count":10,"href":"https:\/\/www.gruschwitz.com\/en_en\/wp-json\/wp\/v2\/pages\/719\/revisions"}],"predecessor-version":[{"id":7343,"href":"https:\/\/www.gruschwitz.com\/en_en\/wp-json\/wp\/v2\/pages\/719\/revisions\/7343"}],"up":[{"embeddable":true,"href":"https:\/\/www.gruschwitz.com\/en_en\/wp-json\/wp\/v2\/pages\/166"}],"wp:attachment":[{"href":"https:\/\/www.gruschwitz.com\/en_en\/wp-json\/wp\/v2\/media?parent=719"}],"curies":[{"name":"wp","href":"https:\/\/api.w.org\/{rel}","templated":true}]}}